{"id":12100,"date":"2023-09-15T12:45:48","date_gmt":"2023-09-15T10:45:48","guid":{"rendered":"https:\/\/www.ibizafoils.com\/producto\/classic-foil-mast-28ae%c2%9d-standard-mast\/"},"modified":"2024-01-04T10:18:51","modified_gmt":"2024-01-04T09:18:51","slug":"classic-foil-mast-28-standard-mast","status":"publish","type":"product","link":"https:\/\/ibizafoils.com\/es\/classic-foil-mast-28-standard-mast\/","title":{"rendered":"Classic Foil Mast &#8211; 28&#8243; Standard Mast"},"content":{"rendered":"<p><span class=\"highlighted\">DETAILS:<\/span><\/p>\n<p>Lift&#8217;s masts may not look too different from previous generations, but we\u00e2??ve fine-tuned the construction with a new proprietary premium carbon fiber blend for improved control and response. We\u00e2??ve also dialed in the flex patterns of the materials\u00e2??in our decade of creating foils, this process has emerged as the key to achieving the ultimate ride.<\/p>\n<p>Lift&#8217;s carbon fiber\u00a0<span class=\"highlighted\">28&#8243; Mast<\/span> is the standard length in the performance foiling market. This mast is versatile, responsive, and maneuverable. The <span class=\"highlighted\">28&#8243; Mast<\/span>\u00a0keeps your wings higher in the water, locking you into the surface energy for surfing and pumping.<\/p>\n<p>The <span class=\"highlighted\">28&#8243; Mast<\/span> comes with a protective\u00a0cover\u00a0and all needed hardware.<\/p>\n<p><span class=\"highlighted\">NOTE: This is a mast only, to be used for classic (non eFoil) foiling only. If you have an eFoil, you need a propulsion system, which is a complete unit comprised of a mast, motor, and propeller.<\/span><\/p>\n<p><span class=\"highlighted\">WHAT&#8217;S INCLUDED:<\/span><\/p>\n<ul>\n<li>28&#8243; Mast<\/li>\n<li>Hardware Kit<\/li>\n<li>Protective Cover<\/li>\n<\/ul>\n","protected":false},"excerpt":{"rendered":"<p>DETAILS: Lift&#8217;s masts may not look too different from previous generations, but we\u00e2??ve fine-tuned the construction with a new proprietary premium carbon fiber blend for improved control and response. We\u00e2??ve also dialed in the flex patterns of the materials\u00e2??in our decade of creating foils, this process has emerged as the key to achieving the ultimate &#8230; <a title=\"Classic Foil Mast &#8211; 28&#8243; Standard Mast\" class=\"read-more\" href=\"https:\/\/ibizafoils.com\/es\/classic-foil-mast-28-standard-mast\/\" aria-label=\"Leer m\u00e1s sobre Classic Foil Mast &#8211; 28&#8243; Standard Mast\">Leer m\u00e1s<\/a><\/p>\n","protected":false},"featured_media":12094,"template":"","meta":{"_joinchat":[]},"product_brand":[],"product_cat":[209,211,206],"product_tag":[],"class_list":{"0":"post-12100","1":"product","2":"type-product","3":"status-publish","4":"has-post-thumbnail","6":"product_cat-accessories","7":"product_cat-foil-masts","8":"product_cat-lift-foils","9":"sales-flash-overlay","10":"woocommerce-text-align-center","11":"woocommerce-image-align-center","12":"do-quantity-buttons","13":"wc-has-gallery","15":"first","16":"outofstock","17":"taxable","18":"shipping-taxable","19":"purchasable","20":"product-type-simple"},"_links":{"self":[{"href":"https:\/\/ibizafoils.com\/es\/wp-json\/wp\/v2\/product\/12100","targetHints":{"allow":["GET"]}}],"collection":[{"href":"https:\/\/ibizafoils.com\/es\/wp-json\/wp\/v2\/product"}],"about":[{"href":"https:\/\/ibizafoils.com\/es\/wp-json\/wp\/v2\/types\/product"}],"wp:featuredmedia":[{"embeddable":true,"href":"https:\/\/ibizafoils.com\/es\/wp-json\/wp\/v2\/media\/12094"}],"wp:attachment":[{"href":"https:\/\/ibizafoils.com\/es\/wp-json\/wp\/v2\/media?parent=12100"}],"wp:term":[{"taxonomy":"product_brand","embeddable":true,"href":"https:\/\/ibizafoils.com\/es\/wp-json\/wp\/v2\/product_brand?post=12100"},{"taxonomy":"product_cat","embeddable":true,"href":"https:\/\/ibizafoils.com\/es\/wp-json\/wp\/v2\/product_cat?post=12100"},{"taxonomy":"product_tag","embeddable":true,"href":"https:\/\/ibizafoils.com\/es\/wp-json\/wp\/v2\/product_tag?post=12100"}],"curies":[{"name":"wp","href":"https:\/\/api.w.org\/{rel}","templated":true}]}}