{"id":7540,"date":"2020-07-14T07:02:56","date_gmt":"2021-02-26T12:28:32","guid":{"rendered":"https:\/\/www.ibizafoils.com\/producto\/ravik-uno-despierto\/"},"modified":"2021-02-26T13:28:32","modified_gmt":"2021-02-26T12:28:32","slug":"despierto-ravik-eur","status":"publish","type":"product","link":"https:\/\/ibizafoils.com\/es\/despierto-ravik-eur\/","title":{"rendered":"Ravik uno despierto"},"content":{"rendered":"<p><strong>Kit completo<\/strong><\/p>\n<p>El kit incluye: placa Ravik, power pack y cargador, acelerador y cargador inal\u00e1mbricos, llave de alimentaci\u00f3n magn\u00e9tica, correas de pie, aletas de rendimiento &#8211; MFC x Awake, bolsa de cart\u00f3n sobre ruedas<\/p>\n","protected":false},"excerpt":{"rendered":"<p>Kit completo El kit incluye: placa Ravik, power pack y cargador, acelerador y cargador inal\u00e1mbricos, llave de alimentaci\u00f3n magn\u00e9tica, correas de pie, aletas de rendimiento &#8211; MFC x Awake, bolsa de cart\u00f3n sobre ruedas<\/p>\n","protected":false},"featured_media":7542,"template":"","meta":{"_joinchat":[]},"product_brand":[],"product_cat":[15],"product_tag":[],"class_list":{"0":"post-7540","1":"product","2":"type-product","3":"status-publish","4":"has-post-thumbnail","6":"product_cat-sin-categorizar","7":"sales-flash-overlay","8":"woocommerce-text-align-center","9":"woocommerce-image-align-center","10":"do-quantity-buttons","12":"first","13":"instock","14":"taxable","15":"shipping-taxable","16":"purchasable","17":"product-type-simple"},"_links":{"self":[{"href":"https:\/\/ibizafoils.com\/es\/wp-json\/wp\/v2\/product\/7540","targetHints":{"allow":["GET"]}}],"collection":[{"href":"https:\/\/ibizafoils.com\/es\/wp-json\/wp\/v2\/product"}],"about":[{"href":"https:\/\/ibizafoils.com\/es\/wp-json\/wp\/v2\/types\/product"}],"wp:featuredmedia":[{"embeddable":true,"href":"https:\/\/ibizafoils.com\/es\/wp-json\/wp\/v2\/media\/7542"}],"wp:attachment":[{"href":"https:\/\/ibizafoils.com\/es\/wp-json\/wp\/v2\/media?parent=7540"}],"wp:term":[{"taxonomy":"product_brand","embeddable":true,"href":"https:\/\/ibizafoils.com\/es\/wp-json\/wp\/v2\/product_brand?post=7540"},{"taxonomy":"product_cat","embeddable":true,"href":"https:\/\/ibizafoils.com\/es\/wp-json\/wp\/v2\/product_cat?post=7540"},{"taxonomy":"product_tag","embeddable":true,"href":"https:\/\/ibizafoils.com\/es\/wp-json\/wp\/v2\/product_tag?post=7540"}],"curies":[{"name":"wp","href":"https:\/\/api.w.org\/{rel}","templated":true}]}}